{"id":11363,"date":"2020-10-12T04:44:09","date_gmt":"2020-10-12T04:44:09","guid":{"rendered":"https:\/\/marcuslanguageacademy.com\/kontakt\/"},"modified":"2026-04-13T09:17:06","modified_gmt":"2026-04-13T09:17:06","slug":"kontakt","status":"publish","type":"page","link":"https:\/\/marcuslanguageacademy.com\/de\/kontakt\/","title":{"rendered":"Kontakt"},"content":{"rendered":"\t\t<div data-elementor-type=\"wp-page\" data-elementor-id=\"11363\" class=\"elementor elementor-11363 elementor-332\" data-elementor-post-type=\"page\">\n\t\t\t\t<div class=\"elementor-element elementor-element-1b0e66f e-flex e-con-boxed e-con e-parent\" data-id=\"1b0e66f\" data-element_type=\"container\" data-e-type=\"container\" data-settings=\"{&quot;background_background&quot;:&quot;classic&quot;}\">\n\t\t\t\t\t<div class=\"e-con-inner\">\n\t\t\t\t<div class=\"elementor-element elementor-element-7427141 elementor-widget elementor-widget-heading\" data-id=\"7427141\" data-element_type=\"widget\" data-e-type=\"widget\" data-widget_type=\"heading.default\">\n\t\t\t\t<div class=\"elementor-widget-container\">\n\t\t\t\t\t<h1 class=\"elementor-heading-title elementor-size-default\">Kontakt <\/h1>\t\t\t\t<\/div>\n\t\t\t\t<\/div>\n\t\t\t\t<div class=\"elementor-element elementor-element-18e178e elementor-icon-list--layout-inline elementor-align-center elementor-list-item-link-full_width elementor-widget elementor-widget-icon-list\" data-id=\"18e178e\" data-element_type=\"widget\" data-e-type=\"widget\" data-widget_type=\"icon-list.default\">\n\t\t\t\t<div class=\"elementor-widget-container\">\n\t\t\t\t\t\t\t<ul class=\"elementor-icon-list-items elementor-inline-items\">\n\t\t\t\t\t\t\t<li class=\"elementor-icon-list-item elementor-inline-item\">\n\t\t\t\t\t\t\t\t\t\t<span class=\"elementor-icon-list-text\">Startseite<\/span>\n\t\t\t\t\t\t\t\t\t<\/li>\n\t\t\t\t\t\t\t\t<li class=\"elementor-icon-list-item elementor-inline-item\">\n\t\t\t\t\t\t\t\t\t\t\t<span class=\"elementor-icon-list-icon\">\n\t\t\t\t\t\t\t<i aria-hidden=\"true\" class=\"fas fa-chevron-right\"><\/i>\t\t\t\t\t\t<\/span>\n\t\t\t\t\t\t\t\t\t\t<span class=\"elementor-icon-list-text\">Kontakt<\/span>\n\t\t\t\t\t\t\t\t\t<\/li>\n\t\t\t\t\t\t<\/ul>\n\t\t\t\t\t\t<\/div>\n\t\t\t\t<\/div>\n\t\t\t\t\t<\/div>\n\t\t\t\t<\/div>\n\t\t<div class=\"elementor-element elementor-element-1f1fa8d e-flex e-con-boxed e-con e-parent\" data-id=\"1f1fa8d\" data-element_type=\"container\" data-e-type=\"container\" data-settings=\"{&quot;background_background&quot;:&quot;classic&quot;}\">\n\t\t\t\t\t<div class=\"e-con-inner\">\n\t\t<div class=\"elementor-element elementor-element-e0d05a2 e-con-full e-flex e-con e-child\" data-id=\"e0d05a2\" data-element_type=\"container\" data-e-type=\"container\">\n\t\t\t\t<div class=\"elementor-element elementor-element-f580d41 elementor-widget elementor-widget-heading\" data-id=\"f580d41\" data-element_type=\"widget\" data-e-type=\"widget\" data-widget_type=\"heading.default\">\n\t\t\t\t<div class=\"elementor-widget-container\">\n\t\t\t\t\t<h5 class=\"elementor-heading-title elementor-size-default\">Kontakt aufnehmen!<\/h5>\t\t\t\t<\/div>\n\t\t\t\t<\/div>\n\t\t\t\t<div class=\"elementor-element elementor-element-04d98e2 elementor-widget elementor-widget-text-editor\" data-id=\"04d98e2\" data-element_type=\"widget\" data-e-type=\"widget\" data-widget_type=\"text-editor.default\">\n\t\t\t\t<div class=\"elementor-widget-container\">\n\t\t\t\t\t\t\t\t\t<p>Mit meiner Methode lernen 9 von 10 Personen in weniger als 3 Monaten eine neue Sprache.<\/p>\t\t\t\t\t\t\t\t<\/div>\n\t\t\t\t<\/div>\n\t\t\t\t<div class=\"elementor-element elementor-element-7d011c5 elementor-widget-mobile__width-inherit jkit-equal-height-disable elementor-widget elementor-widget-jkit_icon_box\" data-id=\"7d011c5\" data-element_type=\"widget\" data-e-type=\"widget\" data-widget_type=\"jkit_icon_box.default\">\n\t\t\t\t<div class=\"elementor-widget-container\">\n\t\t\t\t\t<div  class=\"jeg-elementor-kit jkit-icon-box icon-position-left elementor-animation- jeg_module___69e8e4c5e8db4\" ><div class=\"jkit-icon-box-wrapper hover-from-left\"><div class=\"icon-box icon-box-header elementor-animation-\"><div class=\"icon style-color\"><i aria-hidden=\"true\" class=\"jki jki-apartment1-light\"><\/i><\/div><\/div><div class=\"icon-box icon-box-body\">\n                <h4 class=\"title\">Adresse<\/h4><p class=\"icon-box-description\">C\/Oc\u00e9ano \u00cdndico 13 \n38240 Punta del Hidalgo, Teneriffa<\/p>\n            <\/div>\n            \n            <\/div><\/div>\t\t\t\t<\/div>\n\t\t\t\t<\/div>\n\t\t\t\t<div class=\"elementor-element elementor-element-36c497b elementor-widget-mobile__width-inherit jkit-equal-height-disable elementor-widget elementor-widget-jkit_icon_box\" data-id=\"36c497b\" data-element_type=\"widget\" data-e-type=\"widget\" data-widget_type=\"jkit_icon_box.default\">\n\t\t\t\t<div class=\"elementor-widget-container\">\n\t\t\t\t\t<div  class=\"jeg-elementor-kit jkit-icon-box icon-position-left elementor-animation- jeg_module__1_69e8e4c5e9920\" ><div class=\"jkit-icon-box-wrapper hover-from-left\"><div class=\"icon-box icon-box-header elementor-animation-\"><div class=\"icon style-color\"><i aria-hidden=\"true\" class=\"jki jki-phone1-light\"><\/i><\/div><\/div><div class=\"icon-box icon-box-body\">\n                <h4 class=\"title\">Anrufen<\/h4><p class=\"icon-box-description\">+34 618 580 445\n<\/p>\n            <\/div>\n            \n            <\/div><\/div>\t\t\t\t<\/div>\n\t\t\t\t<\/div>\n\t\t\t\t<div class=\"elementor-element elementor-element-deea132 elementor-widget-mobile__width-inherit jkit-equal-height-disable elementor-widget elementor-widget-jkit_icon_box\" data-id=\"deea132\" data-element_type=\"widget\" data-e-type=\"widget\" data-widget_type=\"jkit_icon_box.default\">\n\t\t\t\t<div class=\"elementor-widget-container\">\n\t\t\t\t\t<div  class=\"jeg-elementor-kit jkit-icon-box icon-position-left elementor-animation- jeg_module__2_69e8e4c5ea494\" ><div class=\"jkit-icon-box-wrapper hover-from-left\"><div class=\"icon-box icon-box-header elementor-animation-\"><div class=\"icon style-color\"><i aria-hidden=\"true\" class=\"jki jki-envelope2-light\"><\/i><\/div><\/div><div class=\"icon-box icon-box-body\">\n                <h4 class=\"title\">E-Mail an mich<\/h4><p class=\"icon-box-description\">support@marcuslanguageacademy.com\n\n\n<\/p>\n            <\/div>\n            \n            <\/div><\/div>\t\t\t\t<\/div>\n\t\t\t\t<\/div>\n\t\t\t\t<\/div>\n\t\t<div class=\"elementor-element elementor-element-d3e342c e-con-full e-flex e-con e-child\" data-id=\"d3e342c\" data-element_type=\"container\" data-e-type=\"container\" data-settings=\"{&quot;background_background&quot;:&quot;classic&quot;}\">\n\t\t\t\t<div class=\"elementor-element elementor-element-378dc23 elementor-button-align-stretch elementor-widget elementor-widget-form\" data-id=\"378dc23\" data-element_type=\"widget\" data-e-type=\"widget\" data-settings=\"{&quot;step_next_label&quot;:&quot;Weiter&quot;,&quot;step_previous_label&quot;:&quot;Zur\\u00fcck&quot;,&quot;button_width&quot;:&quot;100&quot;,&quot;step_type&quot;:&quot;number_text&quot;,&quot;step_icon_shape&quot;:&quot;circle&quot;}\" data-widget_type=\"form.default\">\n\t\t\t\t<div class=\"elementor-widget-container\">\n\t\t\t\t\t\t\t<form class=\"elementor-form\" method=\"post\" name=\"Neues Formular\" aria-label=\"Neues Formular\">\n\t\t\t<input type=\"hidden\" name=\"post_id\" value=\"11363\"\/>\n\t\t\t<input type=\"hidden\" name=\"form_id\" value=\"378dc23\"\/>\n\t\t\t<input type=\"hidden\" name=\"referer_title\" value=\"Marcus Language Academy\" \/>\n\n\t\t\t\n\t\t\t<div class=\"elementor-form-fields-wrapper elementor-labels-above\">\n\t\t\t\t\t\t\t\t<div class=\"elementor-field-type-text elementor-field-group elementor-column elementor-field-group-name elementor-col-100\">\n\t\t\t\t\t\t\t\t\t\t\t\t<label for=\"form-field-name\" class=\"elementor-field-label\">\n\t\t\t\t\t\t\t\tDein Name\t\t\t\t\t\t\t<\/label>\n\t\t\t\t\t\t\t\t\t\t\t\t\t\t<input size=\"1\" type=\"text\" name=\"form_fields[name]\" id=\"form-field-name\" class=\"elementor-field elementor-size-sm  elementor-field-textual\">\n\t\t\t\t\t\t\t\t\t\t\t<\/div>\n\t\t\t\t\t\t\t\t<div class=\"elementor-field-type-email elementor-field-group elementor-column elementor-field-group-email elementor-col-100 elementor-field-required\">\n\t\t\t\t\t\t\t\t\t\t\t\t<label for=\"form-field-email\" class=\"elementor-field-label\">\n\t\t\t\t\t\t\t\tDeine E-Mail\t\t\t\t\t\t\t<\/label>\n\t\t\t\t\t\t\t\t\t\t\t\t\t\t<input size=\"1\" type=\"email\" name=\"form_fields[email]\" id=\"form-field-email\" class=\"elementor-field elementor-size-sm  elementor-field-textual\" required=\"required\">\n\t\t\t\t\t\t\t\t\t\t\t<\/div>\n\t\t\t\t\t\t\t\t<div class=\"elementor-field-type-text elementor-field-group elementor-column elementor-field-group-field_ee93401 elementor-col-100 elementor-field-required\">\n\t\t\t\t\t\t\t\t\t\t\t\t<label for=\"form-field-field_ee93401\" class=\"elementor-field-label\">\n\t\t\t\t\t\t\t\tBetreff\t\t\t\t\t\t\t<\/label>\n\t\t\t\t\t\t\t\t\t\t\t\t\t\t<input size=\"1\" type=\"text\" name=\"form_fields[field_ee93401]\" id=\"form-field-field_ee93401\" class=\"elementor-field elementor-size-sm  elementor-field-textual\" required=\"required\">\n\t\t\t\t\t\t\t\t\t\t\t<\/div>\n\t\t\t\t\t\t\t\t<div class=\"elementor-field-type-textarea elementor-field-group elementor-column elementor-field-group-message elementor-col-100\">\n\t\t\t\t\t\t\t\t\t\t\t\t<label for=\"form-field-message\" class=\"elementor-field-label\">\n\t\t\t\t\t\t\t\tDeine Nachricht (optional)\t\t\t\t\t\t\t<\/label>\n\t\t\t\t\t\t<textarea class=\"elementor-field-textual elementor-field  elementor-size-sm\" name=\"form_fields[message]\" id=\"form-field-message\" rows=\"4\"><\/textarea>\t\t\t\t<\/div>\n\t\t\t\t\t\t\t\t<div class=\"elementor-field-group elementor-column elementor-field-type-submit elementor-col-100 e-form__buttons\">\n\t\t\t\t\t<button class=\"elementor-button elementor-size-sm\" type=\"submit\">\n\t\t\t\t\t\t<span class=\"elementor-button-content-wrapper\">\n\t\t\t\t\t\t\t\t\t\t\t\t\t\t\t<span class=\"elementor-button-icon\">\n\t\t\t\t\t\t\t\t\t<i aria-hidden=\"true\" class=\"jki jki-arrow-up-right-line\"><\/i>\t\t\t\t\t\t\t\t\t\t\t\t\t\t\t\t\t<\/span>\n\t\t\t\t\t\t\t\t\t\t\t\t\t\t\t\t\t\t\t\t\t\t<span class=\"elementor-button-text\">Senden<\/span>\n\t\t\t\t\t\t\t\t\t\t\t\t\t<\/span>\n\t\t\t\t\t<\/button>\n\t\t\t\t<\/div>\n\t\t\t<\/div>\n\t\t<input\n                    class=\"apbct_special_field apbct_email_id__elementor_form\"\n                    name=\"apbct__email_id__elementor_form\"\n                    aria-label=\"apbct__label_id__elementor_form\"\n                    type=\"text\" size=\"30\" maxlength=\"200\" autocomplete=\"off\"\n                    value=\"\"\n                \/><\/form>\n\t\t\t\t\t\t<\/div>\n\t\t\t\t<\/div>\n\t\t\t\t<\/div>\n\t\t\t\t\t<\/div>\n\t\t\t\t<\/div>\n\t\t<div class=\"elementor-element elementor-element-cca7d13 e-flex e-con-boxed e-con e-parent\" data-id=\"cca7d13\" data-element_type=\"container\" data-e-type=\"container\">\n\t\t\t\t\t<div class=\"e-con-inner\">\n\t\t\t\t<div class=\"elementor-element elementor-element-41ce093 elementor-widget elementor-widget-google_maps\" data-id=\"41ce093\" data-element_type=\"widget\" data-e-type=\"widget\" data-widget_type=\"google_maps.default\">\n\t\t\t\t<div class=\"elementor-widget-container\">\n\t\t\t\t\t\t\t<div class=\"elementor-custom-embed\">\n\t\t\t<iframe loading=\"lazy\"\n\t\t\t\t\tsrc=\"https:\/\/maps.google.com\/maps?q=marcus%20language%20academy&#038;t=m&#038;z=10&#038;output=embed&#038;iwloc=near\"\n\t\t\t\t\ttitle=\"marcus language academy\"\n\t\t\t\t\taria-label=\"marcus language academy\"\n\t\t\t><\/iframe>\n\t\t<\/div>\n\t\t\t\t\t\t<\/div>\n\t\t\t\t<\/div>\n\t\t\t\t\t<\/div>\n\t\t\t\t<\/div>\n\t\t\t\t<\/div>\n\t\t","protected":false},"excerpt":{"rendered":"<p>Kontakt Startseite Kontakt Kontakt aufnehmen! Mit meiner Methode lernen 9 von 10 Personen in weniger als 3 Monaten eine neue Sprache. Adresse C\/Oc\u00e9ano \u00cdndico 13 38240 Punta del Hidalgo, Teneriffa Anrufen +34 618 580 445 E-Mail an mich support@marcuslanguageacademy.com<\/p>\n","protected":false},"author":1,"featured_media":0,"parent":0,"menu_order":0,"comment_status":"closed","ping_status":"closed","template":"","meta":{"site-sidebar-layout":"no-sidebar","site-content-layout":"page-builder","ast-site-content-layout":"default","site-content-style":"default","site-sidebar-style":"default","ast-global-header-display":"","ast-banner-title-visibility":"","ast-main-header-display":"","ast-hfb-above-header-display":"","ast-hfb-below-header-display":"","ast-hfb-mobile-header-display":"","site-post-title":"disabled","ast-breadcrumbs-content":"","ast-featured-img":"disabled","footer-sml-layout":"","ast-disable-related-posts":"","theme-transparent-header-meta":"enabled","adv-header-id-meta":"","stick-header-meta":"","header-above-stick-meta":"","header-main-stick-meta":"","header-below-stick-meta":"","astra-migrate-meta-layouts":"default","ast-page-background-enabled":"default","ast-page-background-meta":{"desktop":{"background-color":"","background-image":"","background-repeat":"repeat","background-position":"center center","background-size":"auto","background-attachment":"scroll","background-type":"","background-media":"","overlay-type":"","overlay-color":"","overlay-opacity":"","overlay-gradient":""},"tablet":{"background-color":"","background-image":"","background-repeat":"repeat","background-position":"center center","background-size":"auto","background-attachment":"scroll","background-type":"","background-media":"","overlay-type":"","overlay-color":"","overlay-opacity":"","overlay-gradient":""},"mobile":{"background-color":"","background-image":"","background-repeat":"repeat","background-position":"center center","background-size":"auto","background-attachment":"scroll","background-type":"","background-media":"","overlay-type":"","overlay-color":"","overlay-opacity":"","overlay-gradient":""}},"ast-content-background-meta":{"desktop":{"background-color":"var(--ast-global-color-5)","background-image":"","background-repeat":"repeat","background-position":"center center","background-size":"auto","background-attachment":"scroll","background-type":"","background-media":"","overlay-type":"","overlay-color":"","overlay-opacity":"","overlay-gradient":""},"tablet":{"background-color":"var(--ast-global-color-5)","background-image":"","background-repeat":"repeat","background-position":"center center","background-size":"auto","background-attachment":"scroll","background-type":"","background-media":"","overlay-type":"","overlay-color":"","overlay-opacity":"","overlay-gradient":""},"mobile":{"background-color":"var(--ast-global-color-5)","background-image":"","background-repeat":"repeat","background-position":"center center","background-size":"auto","background-attachment":"scroll","background-type":"","background-media":"","overlay-type":"","overlay-color":"","overlay-opacity":"","overlay-gradient":""}},"footnotes":""},"class_list":["post-11363","page","type-page","status-publish","hentry"],"yoast_head":"<!-- This site is optimized with the Yoast SEO plugin v27.4 - https:\/\/yoast.com\/product\/yoast-seo-wordpress\/ -->\n<title>Kontakt - Eine Neue Sprache In Rekordzeit Lernen<\/title>\n<meta name=\"description\" content=\"Hast du Fragen, Feedback oder m\u00f6chtest du einfach nur Hallo sagen? Ich bin f\u00fcr dich da! Wende dich an mich, wenn du Fragen zum Erlernen von Sprachen hast oder Informationen ben\u00f6tigst. Entdecke den Weg zum Sprechen einer neuen Sprache in Rekordzeit.\" \/>\n<meta name=\"robots\" content=\"index, follow, max-snippet:-1, max-image-preview:large, max-video-preview:-1\" \/>\n<link rel=\"canonical\" href=\"https:\/\/marcuslanguageacademy.com\/de\/kontakt\/\" \/>\n<meta property=\"og:locale\" content=\"de_DE\" \/>\n<meta property=\"og:type\" content=\"article\" \/>\n<meta property=\"og:title\" content=\"Kontakt - Eine Neue Sprache In Rekordzeit Lernen\" \/>\n<meta property=\"og:description\" content=\"Hast du Fragen, Feedback oder m\u00f6chtest du einfach nur Hallo sagen? Ich bin f\u00fcr dich da! Wende dich an mich, wenn du Fragen zum Erlernen von Sprachen hast oder Informationen ben\u00f6tigst. Entdecke den Weg zum Sprechen einer neuen Sprache in Rekordzeit.\" \/>\n<meta property=\"og:url\" content=\"https:\/\/marcuslanguageacademy.com\/de\/kontakt\/\" \/>\n<meta property=\"og:site_name\" content=\"Marcus Language Academy\" \/>\n<meta property=\"article:publisher\" content=\"https:\/\/www.facebook.com\/MarcusLanguageAcademy1\/\" \/>\n<meta property=\"article:modified_time\" content=\"2026-04-13T09:17:06+00:00\" \/>\n<meta property=\"og:image\" content=\"https:\/\/marcuslanguageacademy.com\/wp-content\/uploads\/2023\/10\/MLA-Learn-A-New-Language-In-Record-Time-1024x576.png\" \/>\n<meta name=\"twitter:card\" content=\"summary_large_image\" \/>\n<meta name=\"twitter:title\" content=\"Kontakt - Eine Neue Sprache In Rekordzeit Lernen\" \/>\n<meta name=\"twitter:description\" content=\"Hast du Fragen, Feedback oder m\u00f6chtest du einfach nur Hallo sagen? Ich bin f\u00fcr dich da! Wende dich an mich, wenn du Fragen zum Erlernen von Sprachen hast oder Informationen ben\u00f6tigst. Entdecke den Weg zum Sprechen einer neuen Sprache in Rekordzeit.\" \/>\n<meta name=\"twitter:image\" content=\"https:\/\/marcuslanguageacademy.com\/wp-content\/uploads\/2023\/10\/MLA-Learn-A-New-Language-In-Record-Time-1024x576.png\" \/>\n<meta name=\"twitter:site\" content=\"@MarcusAcademy\" \/>\n<script type=\"application\/ld+json\" class=\"yoast-schema-graph\">{\"@context\":\"https:\\\/\\\/schema.org\",\"@graph\":[{\"@type\":\"WebPage\",\"@id\":\"https:\\\/\\\/marcuslanguageacademy.com\\\/de\\\/kontakt\\\/\",\"url\":\"https:\\\/\\\/marcuslanguageacademy.com\\\/de\\\/kontakt\\\/\",\"name\":\"Kontakt - Eine Neue Sprache In Rekordzeit Lernen\",\"isPartOf\":{\"@id\":\"https:\\\/\\\/mediumblue-pony-128430.hostingersite.com\\\/#website\"},\"datePublished\":\"2020-10-12T04:44:09+00:00\",\"dateModified\":\"2026-04-13T09:17:06+00:00\",\"description\":\"Hast du Fragen, Feedback oder m\u00f6chtest du einfach nur Hallo sagen? Ich bin f\u00fcr dich da! Wende dich an mich, wenn du Fragen zum Erlernen von Sprachen hast oder Informationen ben\u00f6tigst. Entdecke den Weg zum Sprechen einer neuen Sprache in Rekordzeit.\",\"breadcrumb\":{\"@id\":\"https:\\\/\\\/marcuslanguageacademy.com\\\/de\\\/kontakt\\\/#breadcrumb\"},\"inLanguage\":\"de\",\"potentialAction\":[{\"@type\":\"ReadAction\",\"target\":[\"https:\\\/\\\/marcuslanguageacademy.com\\\/de\\\/kontakt\\\/\"]}]},{\"@type\":\"BreadcrumbList\",\"@id\":\"https:\\\/\\\/marcuslanguageacademy.com\\\/de\\\/kontakt\\\/#breadcrumb\",\"itemListElement\":[{\"@type\":\"ListItem\",\"position\":1,\"name\":\"Home\",\"item\":\"https:\\\/\\\/marcuslanguageacademy.com\\\/de\\\/\"},{\"@type\":\"ListItem\",\"position\":2,\"name\":\"Kontakt\"}]},{\"@type\":\"WebSite\",\"@id\":\"https:\\\/\\\/mediumblue-pony-128430.hostingersite.com\\\/#website\",\"url\":\"https:\\\/\\\/mediumblue-pony-128430.hostingersite.com\\\/\",\"name\":\"Marcus Language Academy\",\"description\":\"Learn A New Language In Record Time\",\"publisher\":{\"@id\":\"https:\\\/\\\/mediumblue-pony-128430.hostingersite.com\\\/#organization\"},\"potentialAction\":[{\"@type\":\"SearchAction\",\"target\":{\"@type\":\"EntryPoint\",\"urlTemplate\":\"https:\\\/\\\/mediumblue-pony-128430.hostingersite.com\\\/?s={search_term_string}\"},\"query-input\":{\"@type\":\"PropertyValueSpecification\",\"valueRequired\":true,\"valueName\":\"search_term_string\"}}],\"inLanguage\":\"de\"},{\"@type\":\"Organization\",\"@id\":\"https:\\\/\\\/mediumblue-pony-128430.hostingersite.com\\\/#organization\",\"name\":\"Marcus Language Academy\",\"url\":\"https:\\\/\\\/mediumblue-pony-128430.hostingersite.com\\\/\",\"logo\":{\"@type\":\"ImageObject\",\"inLanguage\":\"de\",\"@id\":\"https:\\\/\\\/mediumblue-pony-128430.hostingersite.com\\\/#\\\/schema\\\/logo\\\/image\\\/\",\"url\":\"https:\\\/\\\/marcuslanguageacademy.com\\\/wp-content\\\/uploads\\\/2023\\\/10\\\/MLA-White-1-1.png\",\"contentUrl\":\"https:\\\/\\\/marcuslanguageacademy.com\\\/wp-content\\\/uploads\\\/2023\\\/10\\\/MLA-White-1-1.png\",\"width\":500,\"height\":503,\"caption\":\"Marcus Language Academy\"},\"image\":{\"@id\":\"https:\\\/\\\/mediumblue-pony-128430.hostingersite.com\\\/#\\\/schema\\\/logo\\\/image\\\/\"},\"sameAs\":[\"https:\\\/\\\/www.facebook.com\\\/MarcusLanguageAcademy1\\\/\",\"https:\\\/\\\/x.com\\\/MarcusAcademy\",\"https:\\\/\\\/www.instagram.com\\\/marcus_language_academy\\\/\",\"https:\\\/\\\/www.tiktok.com\\\/@marcuslanguageacademy\",\"https:\\\/\\\/www.youtube.com\\\/@MarcusLanguageAcademy\"]}]}<\/script>\n<!-- \/ Yoast SEO plugin. -->","yoast_head_json":{"title":"Kontakt - Eine Neue Sprache In Rekordzeit Lernen","description":"Hast du Fragen, Feedback oder m\u00f6chtest du einfach nur Hallo sagen? Ich bin f\u00fcr dich da! Wende dich an mich, wenn du Fragen zum Erlernen von Sprachen hast oder Informationen ben\u00f6tigst. Entdecke den Weg zum Sprechen einer neuen Sprache in Rekordzeit.","robots":{"index":"index","follow":"follow","max-snippet":"max-snippet:-1","max-image-preview":"max-image-preview:large","max-video-preview":"max-video-preview:-1"},"canonical":"https:\/\/marcuslanguageacademy.com\/de\/kontakt\/","og_locale":"de_DE","og_type":"article","og_title":"Kontakt - Eine Neue Sprache In Rekordzeit Lernen","og_description":"Hast du Fragen, Feedback oder m\u00f6chtest du einfach nur Hallo sagen? Ich bin f\u00fcr dich da! Wende dich an mich, wenn du Fragen zum Erlernen von Sprachen hast oder Informationen ben\u00f6tigst. Entdecke den Weg zum Sprechen einer neuen Sprache in Rekordzeit.","og_url":"https:\/\/marcuslanguageacademy.com\/de\/kontakt\/","og_site_name":"Marcus Language Academy","article_publisher":"https:\/\/www.facebook.com\/MarcusLanguageAcademy1\/","article_modified_time":"2026-04-13T09:17:06+00:00","og_image":[{"url":"https:\/\/marcuslanguageacademy.com\/wp-content\/uploads\/2023\/10\/MLA-Learn-A-New-Language-In-Record-Time-1024x576.png","type":"","width":"","height":""}],"twitter_card":"summary_large_image","twitter_title":"Kontakt - Eine Neue Sprache In Rekordzeit Lernen","twitter_description":"Hast du Fragen, Feedback oder m\u00f6chtest du einfach nur Hallo sagen? Ich bin f\u00fcr dich da! Wende dich an mich, wenn du Fragen zum Erlernen von Sprachen hast oder Informationen ben\u00f6tigst. Entdecke den Weg zum Sprechen einer neuen Sprache in Rekordzeit.","twitter_image":"https:\/\/marcuslanguageacademy.com\/wp-content\/uploads\/2023\/10\/MLA-Learn-A-New-Language-In-Record-Time-1024x576.png","twitter_site":"@MarcusAcademy","schema":{"@context":"https:\/\/schema.org","@graph":[{"@type":"WebPage","@id":"https:\/\/marcuslanguageacademy.com\/de\/kontakt\/","url":"https:\/\/marcuslanguageacademy.com\/de\/kontakt\/","name":"Kontakt - Eine Neue Sprache In Rekordzeit Lernen","isPartOf":{"@id":"https:\/\/mediumblue-pony-128430.hostingersite.com\/#website"},"datePublished":"2020-10-12T04:44:09+00:00","dateModified":"2026-04-13T09:17:06+00:00","description":"Hast du Fragen, Feedback oder m\u00f6chtest du einfach nur Hallo sagen? Ich bin f\u00fcr dich da! Wende dich an mich, wenn du Fragen zum Erlernen von Sprachen hast oder Informationen ben\u00f6tigst. Entdecke den Weg zum Sprechen einer neuen Sprache in Rekordzeit.","breadcrumb":{"@id":"https:\/\/marcuslanguageacademy.com\/de\/kontakt\/#breadcrumb"},"inLanguage":"de","potentialAction":[{"@type":"ReadAction","target":["https:\/\/marcuslanguageacademy.com\/de\/kontakt\/"]}]},{"@type":"BreadcrumbList","@id":"https:\/\/marcuslanguageacademy.com\/de\/kontakt\/#breadcrumb","itemListElement":[{"@type":"ListItem","position":1,"name":"Home","item":"https:\/\/marcuslanguageacademy.com\/de\/"},{"@type":"ListItem","position":2,"name":"Kontakt"}]},{"@type":"WebSite","@id":"https:\/\/mediumblue-pony-128430.hostingersite.com\/#website","url":"https:\/\/mediumblue-pony-128430.hostingersite.com\/","name":"Marcus Language Academy","description":"Learn A New Language In Record Time","publisher":{"@id":"https:\/\/mediumblue-pony-128430.hostingersite.com\/#organization"},"potentialAction":[{"@type":"SearchAction","target":{"@type":"EntryPoint","urlTemplate":"https:\/\/mediumblue-pony-128430.hostingersite.com\/?s={search_term_string}"},"query-input":{"@type":"PropertyValueSpecification","valueRequired":true,"valueName":"search_term_string"}}],"inLanguage":"de"},{"@type":"Organization","@id":"https:\/\/mediumblue-pony-128430.hostingersite.com\/#organization","name":"Marcus Language Academy","url":"https:\/\/mediumblue-pony-128430.hostingersite.com\/","logo":{"@type":"ImageObject","inLanguage":"de","@id":"https:\/\/mediumblue-pony-128430.hostingersite.com\/#\/schema\/logo\/image\/","url":"https:\/\/marcuslanguageacademy.com\/wp-content\/uploads\/2023\/10\/MLA-White-1-1.png","contentUrl":"https:\/\/marcuslanguageacademy.com\/wp-content\/uploads\/2023\/10\/MLA-White-1-1.png","width":500,"height":503,"caption":"Marcus Language Academy"},"image":{"@id":"https:\/\/mediumblue-pony-128430.hostingersite.com\/#\/schema\/logo\/image\/"},"sameAs":["https:\/\/www.facebook.com\/MarcusLanguageAcademy1\/","https:\/\/x.com\/MarcusAcademy","https:\/\/www.instagram.com\/marcus_language_academy\/","https:\/\/www.tiktok.com\/@marcuslanguageacademy","https:\/\/www.youtube.com\/@MarcusLanguageAcademy"]}]}},"_links":{"self":[{"href":"https:\/\/marcuslanguageacademy.com\/de\/wp-json\/wp\/v2\/pages\/11363","targetHints":{"allow":["GET"]}}],"collection":[{"href":"https:\/\/marcuslanguageacademy.com\/de\/wp-json\/wp\/v2\/pages"}],"about":[{"href":"https:\/\/marcuslanguageacademy.com\/de\/wp-json\/wp\/v2\/types\/page"}],"author":[{"embeddable":true,"href":"https:\/\/marcuslanguageacademy.com\/de\/wp-json\/wp\/v2\/users\/1"}],"replies":[{"embeddable":true,"href":"https:\/\/marcuslanguageacademy.com\/de\/wp-json\/wp\/v2\/comments?post=11363"}],"version-history":[{"count":16,"href":"https:\/\/marcuslanguageacademy.com\/de\/wp-json\/wp\/v2\/pages\/11363\/revisions"}],"predecessor-version":[{"id":27851,"href":"https:\/\/marcuslanguageacademy.com\/de\/wp-json\/wp\/v2\/pages\/11363\/revisions\/27851"}],"wp:attachment":[{"href":"https:\/\/marcuslanguageacademy.com\/de\/wp-json\/wp\/v2\/media?parent=11363"}],"curies":[{"name":"wp","href":"https:\/\/api.w.org\/{rel}","templated":true}]}}